{"id":396,"date":"2024-03-19T02:21:39","date_gmt":"2024-03-19T01:21:39","guid":{"rendered":"https:\/\/justaheadshot.co\/?page_id=396"},"modified":"2025-10-24T21:39:02","modified_gmt":"2025-10-24T19:39:02","slug":"datenschutzbestimmungen","status":"publish","type":"page","link":"https:\/\/justaheadshot.co\/de\/privacy-policy\/","title":{"rendered":"Datenschutzbestimmungen"},"content":{"rendered":"<div data-elementor-type=\"wp-page\" data-elementor-id=\"396\" class=\"elementor elementor-396\" data-elementor-post-type=\"page\">\n\t\t\t\t<div class=\"elementor-element elementor-element-1277950d e-flex e-con-boxed e-con e-parent\" data-id=\"1277950d\" data-element_type=\"container\" data-e-type=\"container\">\n\t\t\t\t\t<div class=\"e-con-inner\">\n\t\t\t\t<div class=\"elementor-element elementor-element-6739ced2 elementor-widget elementor-widget-text-editor\" data-id=\"6739ced2\" data-element_type=\"widget\" data-e-type=\"widget\" data-widget_type=\"text-editor.default\">\n\t\t\t\t<div class=\"elementor-widget-container\">\n\t\t\t\t\t\t\t\t\t\r\n<h2 class=\"wp-block-heading\"><strong>Datenschutzbestimmungen<\/strong><\/h2>\r\n<p><br \/><strong>Wer sind wir?<\/strong><br \/>Unsere Website-Adresse: https:\/\/justaheadshot.co. Wir sind ein Einzelunternehmen und Freiberufler im Besitz von Burak Y\u0131ld\u0131r\u0131m.<\/p>\r\n<p><strong>Medien<\/strong><br \/>Wenn Sie Bilder auf die Website hochladen, sollten Sie es vermeiden, Bilder hochzuladen, die eingebettete Standortdaten (EXIF-GPS) enthalten. Die Besucher der Website k\u00f6nnen alle Standortdaten von den Bildern auf der Website herunterladen und extrahieren.<\/p>\r\n<p><strong>Cookies<\/strong><br \/>Wenn Sie unsere Anmeldeseite besuchen, setzen wir ein tempor\u00e4res Cookie, um festzustellen, ob Ihr Browser Cookies zul\u00e4sst. Dieses Cookie enth\u00e4lt keine pers\u00f6nlichen Daten und wird gel\u00f6scht, wenn Sie Ihren Browser schlie\u00dfen.<\/p>\r\n<p>Wenn Sie sich anmelden, legen wir au\u00dferdem mehrere Cookies an, um Ihre Anmeldeinformationen und die von Ihnen gew\u00e4hlten Bildschirmoptionen zu speichern. Anmelde-Cookies bleiben zwei Tage lang gespeichert, Cookies f\u00fcr Bildschirmoptionen ein Jahr lang. Wenn Sie die Option \"Remember Me\" w\u00e4hlen, bleibt Ihr Login zwei Wochen lang erhalten. Wenn Sie sich von Ihrem Konto abmelden, werden die Anmelde-Cookies entfernt.<\/p>\r\n<p>Wenn Sie einen Artikel bearbeiten oder ver\u00f6ffentlichen, wird ein zus\u00e4tzliches Cookie in Ihrem Browser gespeichert. Dieses Cookie enth\u00e4lt keine pers\u00f6nlichen Daten und zeigt lediglich die Post-ID des Artikels an, den Sie gerade bearbeitet haben. Es endet nach einem Tag.<\/p>\r\n<p><strong>Eingebettete Inhalte von anderen Websites<\/strong><br \/>Die Artikel auf dieser Website k\u00f6nnen eingebettete Inhalte (z. B. Videos, Bilder, Artikel usw.) enthalten. Eingebettete Inhalte von anderen Websites verhalten sich genau so, als ob der Besucher die andere Website besucht h\u00e4tte.<\/p>\r\n<p>Diese Websites k\u00f6nnen Daten \u00fcber Sie sammeln, Cookies verwenden, zus\u00e4tzliche Trackingfunktionen von Dritten einbetten und Ihre Interaktion mit eingebetteten Inhalten \u00fcberwachen, wenn Sie mit Ihrem Konto auf dieser Website angemeldet sind.<\/p>\r\n<p><strong>Wie lange bewahren wir Ihre Daten auf?<\/strong><br \/>Bei Nutzern, die sich auf unserer Website registrieren (falls vorhanden), speichern wir auch die pers\u00f6nlichen Daten, die sie in ihrem Nutzerprofil angeben. Alle Nutzer k\u00f6nnen ihre pers\u00f6nlichen Daten jederzeit einsehen, bearbeiten oder l\u00f6schen (sie k\u00f6nnen ihren Benutzernamen nicht \u00e4ndern). Auch die Administratoren der Website k\u00f6nnen diese Informationen einsehen und bearbeiten.<\/p>\r\n<p><strong>Ihre Rechte in Bezug auf Ihre Daten<\/strong><br \/>Wenn Sie ein Konto auf dieser Website haben, k\u00f6nnen Sie beantragen, eine exportierte Datei Ihrer pers\u00f6nlichen Daten zu erhalten, die alle Daten enth\u00e4lt, die Sie uns zur Verf\u00fcgung gestellt haben. Sie k\u00f6nnen auch die L\u00f6schung Ihrer bei uns gespeicherten personenbezogenen Daten verlangen. Davon ausgenommen sind Daten, die wir aus verwaltungstechnischen, rechtlichen oder sicherheitsrelevanten Gr\u00fcnden aufbewahren m\u00fcssen.<\/p>\r\n<p><strong>Wohin werden Ihre Daten gesendet?<\/strong><br \/>Die Besucherdaten k\u00f6nnen durch einen automatischen Spam-Erkennungsdienst \u00fcberpr\u00fcft werden.<\/p>\r\n<p><strong>YouTube<\/strong><br \/>Unsere Website nutzt Plugins von YouTube, das von Google betrieben wird. Der Betreiber der Seiten ist die YouTube LLC, 901 Cherry Ave. in San Bruno, CA 94066, USA.<\/p>\r\n<p>Wenn Sie eine unserer mit einem YouTube-Plugin ausgestatteten Seiten besuchen, wird eine Verbindung zu den YouTube-Servern hergestellt und dabei mitgeteilt, welche unserer Seiten Sie besucht haben.<\/p>\r\n<p>Wenn Sie in Ihrem YouTube-Konto eingeloggt sind, erlaubt Ihnen YouTube, Ihr Surfverhalten direkt mit Ihrem pers\u00f6nlichen Profil zu verkn\u00fcpfen. Um dies zu verhindern, k\u00f6nnen Sie sich bei Ihrem YouTube-Konto abmelden.<\/p>\r\n<p>YouTube wird genutzt, um unsere Website attraktiv zu gestalten. Dies stellt ein berechtigtes Interesse gem\u00e4\u00df Artikel 6 (1) (f) GDPR dar.<\/p>\r\n<p>Weitere Informationen \u00fcber die Verarbeitung von Nutzerdaten sind in der Datenschutzerkl\u00e4rung von YouTube zu finden: https:\/\/www.google.de\/intl\/de\/policies\/privacy\/.<\/p>\r\n<p><strong>Google Web-Schriftarten<\/strong><br \/>Um ein einheitliches Erscheinungsbild der Schriftarten zu gew\u00e4hrleisten, verwendet diese Seite von Google bereitgestellte Webfonts. Wenn Sie eine Seite \u00f6ffnen, l\u00e4dt Ihr Browser die erforderlichen Webfonts in Ihren Browser-Cache, um Text und Schriftarten korrekt anzuzeigen.<\/p>\r\n<p>Dazu muss Ihr Browser eine direkte Verbindung zu den Servern von Google herstellen. Auf diese Weise erf\u00e4hrt Google, dass \u00fcber Ihre IP-Adresse auf unsere Website zugegriffen wurde. Die Nutzung von Google Web Fonts begr\u00fcndet ein berechtigtes Interesse an einer einheitlichen und ansprechenden Darstellung unseres Plugins. Dies stellt ein berechtigtes Interesse im Sinne von Artikel 6 (1) (f) GDPR dar.<\/p>\r\n<p>Wenn Ihr Browser keine Webschriftarten unterst\u00fctzt, wird eine Standardschriftart von Ihrem Computer verwendet.<\/p>\r\n<p>Weitere Informationen \u00fcber die Verarbeitung von Nutzerdaten finden Sie unter https:\/\/developers.google.com\/fonts\/faq und in den Datenschutzbestimmungen von Google: https:\/\/www.google.com\/policies\/privacy\/.<\/p>\r\n\t\t\t\t\t\t\t\t<\/div>\n\t\t\t\t<\/div>\n\t\t\t\t\t<\/div>\n\t\t\t\t<\/div>\n\t\t\t\t<\/div>","protected":false},"excerpt":{"rendered":"<p>Privacy Policy who are weOur website address: https:\/\/justaheadshot.co. We operate as a sole proprietorship and freelance business owned by Burak Y\u0131ld\u0131r\u0131m. MediaIf you upload images to the website, you should avoid uploading images that contain embedded location data (EXIF GPS). Visitors to the website can download and extract any location data from images on the&hellip;<\/p>","protected":false},"author":1,"featured_media":0,"parent":0,"menu_order":0,"comment_status":"closed","ping_status":"closed","template":"","meta":{"footnotes":""},"class_list":["post-396","page","type-page","status-publish","hentry"],"_links":{"self":[{"href":"https:\/\/justaheadshot.co\/de\/wp-json\/wp\/v2\/pages\/396","targetHints":{"allow":["GET"]}}],"collection":[{"href":"https:\/\/justaheadshot.co\/de\/wp-json\/wp\/v2\/pages"}],"about":[{"href":"https:\/\/justaheadshot.co\/de\/wp-json\/wp\/v2\/types\/page"}],"author":[{"embeddable":true,"href":"https:\/\/justaheadshot.co\/de\/wp-json\/wp\/v2\/users\/1"}],"replies":[{"embeddable":true,"href":"https:\/\/justaheadshot.co\/de\/wp-json\/wp\/v2\/comments?post=396"}],"version-history":[{"count":0,"href":"https:\/\/justaheadshot.co\/de\/wp-json\/wp\/v2\/pages\/396\/revisions"}],"wp:attachment":[{"href":"https:\/\/justaheadshot.co\/de\/wp-json\/wp\/v2\/media?parent=396"}],"curies":[{"name":"wp","href":"https:\/\/api.w.org\/{rel}","templated":true}]}}